{"id":123,"date":"2021-09-05T07:34:08","date_gmt":"2021-09-05T05:34:08","guid":{"rendered":"https:\/\/www.medtechconsulting.ch\/kurse\/?page_id=123"},"modified":"2021-11-29T20:32:06","modified_gmt":"2021-11-29T19:32:06","slug":"fortbildungspflicht-strahlenschutz","status":"publish","type":"page","link":"https:\/\/www.medtechconsulting.ch\/kurse\/fortbildungspflicht-strahlenschutz\/","title":{"rendered":"Fortbildungspflicht Strahlenschutz"},"content":{"rendered":"\n<p>Der Hintergrund dieses Angebots an Fortbildungen ist, dass seit der am 1.1.2018 in Kraft getretenen Revision der Schweizerischen Strahlengesetzgebung eine umfangreiche Fortbildungspflicht f\u00fcr \u00c4rzte, Zahn\u00e4rzte und Chiropraktoren sowie weitere medizinische Fachberufe existiert.<\/p>\n\n\n\n<p>Die Fortbildungspflicht betrifft letztendlich neben allen Bewilligungsinhabern\/-innen auch alle \u00c4rztinnen und \u00c4rzte, Zahn\u00e4rztinnen und -\u00e4rzte sowie Chiropraktorinnen und -praktoren, die lediglich f\u00fcr Untersuchungen mit ionisierender Strahlung (R\u00f6ntgen, Mammographie, CT etc.) zuweisen.<\/p>\n\n\n\n<p>Ausserdem ist das weitere medizinische Personal fortbildungspflichtig, welches R\u00f6ntgenaufnahmen anfertigt, d.h. MPA\u2019s, weiteres medizinisches Praxispersonal, Dentalassistentinnen und -assistenten sowie Dentalhygienikerinnen und -hygieniker.<\/p>\n\n\n\n<p>Der Umfang der Fortbildungspflicht ist folgender \u00dcbersicht zusammengestellt: <a href=\"https:\/\/www.medtechconsulting.ch\/kurse\/fortbildungspflicht-strahlenschutz\/\">\u201eFortbildungspflicht Strahlenschutz\u201c<\/a><em>(pdf-File)<\/em><\/p>\n\n\n\n<p><\/p>\n\n\n\n<p class=\"has-text-align-left\"><strong>Fortbildungspflicht f\u00fcr Bewilligungsinhaber, \u00c4rzte, Zahn\u00e4rzte, Chiropraktoren sowie Medizinische Praxis-assistentinnen, \u00fcbriges medizinisches Personal, Dentalassitentinnen und Dentalhygienikerinnen gem\u00e4ss Strahlenschutzausbildungsverordnung<\/strong><\/p>\n\n\n\n<div data-wp-interactive=\"core\/file\" class=\"wp-block-file\"><object data-wp-bind--hidden=\"!state.hasPdfPreview\" hidden class=\"wp-block-file__embed\" data=\"https:\/\/www.medtechconsulting.ch\/kurse\/wp-content\/uploads\/2021\/09\/Fortbildungspflicht-Strahlenschutz-002.pdf\" type=\"application\/pdf\" style=\"width:100%;height:600px\" aria-label=\"Einbettung von Einbettung von Fortbildungspflicht Strahlenschutz (002)..\"><\/object><a href=\"https:\/\/www.medtechconsulting.ch\/kurse\/wp-content\/uploads\/2021\/09\/Fortbildungspflicht-Strahlenschutz-002.pdf\">Fortbildungspflicht Strahlenschutz (002)<\/a><a href=\"https:\/\/www.medtechconsulting.ch\/kurse\/wp-content\/uploads\/2021\/09\/Fortbildungspflicht-Strahlenschutz-002.pdf\" class=\"wp-block-file__button\" download>Herunterladen<\/a><\/div>\n","protected":false},"excerpt":{"rendered":"<p>Der Hintergrund dieses Angebots an Fortbildungen ist, dass seit der am 1.1.2018 in Kraft getretenen Revision der Schweizerischen Strahlengesetzgebung eine umfangreiche Fortbildungspflicht f\u00fcr \u00c4rzte, Zahn\u00e4rzte und Chiropraktoren sowie weitere medizinische Fachberufe existiert. Die Fortbildungspflicht betrifft letztendlich neben allen Bewilligungsinhabern\/-innen auch alle \u00c4rztinnen und \u00c4rzte, Zahn\u00e4rztinnen und -\u00e4rzte sowie Chiropraktorinnen und -praktoren, die lediglich f\u00fcr Untersuchungen [&hellip;]<\/p>\n","protected":false},"author":1,"featured_media":0,"parent":0,"menu_order":0,"comment_status":"closed","ping_status":"closed","template":"","meta":{"footnotes":""},"class_list":["post-123","page","type-page","status-publish","hentry"],"_links":{"self":[{"href":"https:\/\/www.medtechconsulting.ch\/kurse\/wp-json\/wp\/v2\/pages\/123","targetHints":{"allow":["GET"]}}],"collection":[{"href":"https:\/\/www.medtechconsulting.ch\/kurse\/wp-json\/wp\/v2\/pages"}],"about":[{"href":"https:\/\/www.medtechconsulting.ch\/kurse\/wp-json\/wp\/v2\/types\/page"}],"author":[{"embeddable":true,"href":"https:\/\/www.medtechconsulting.ch\/kurse\/wp-json\/wp\/v2\/users\/1"}],"replies":[{"embeddable":true,"href":"https:\/\/www.medtechconsulting.ch\/kurse\/wp-json\/wp\/v2\/comments?post=123"}],"version-history":[{"count":7,"href":"https:\/\/www.medtechconsulting.ch\/kurse\/wp-json\/wp\/v2\/pages\/123\/revisions"}],"predecessor-version":[{"id":337,"href":"https:\/\/www.medtechconsulting.ch\/kurse\/wp-json\/wp\/v2\/pages\/123\/revisions\/337"}],"wp:attachment":[{"href":"https:\/\/www.medtechconsulting.ch\/kurse\/wp-json\/wp\/v2\/media?parent=123"}],"curies":[{"name":"wp","href":"https:\/\/api.w.org\/{rel}","templated":true}]}}