{"id":160,"date":"2021-09-15T09:36:52","date_gmt":"2021-09-15T07:36:52","guid":{"rendered":"https:\/\/www.medtechconsulting.ch\/kurse\/?page_id=160"},"modified":"2022-11-17T12:38:13","modified_gmt":"2022-11-17T11:38:13","slug":"e-learnings","status":"publish","type":"page","link":"https:\/\/www.medtechconsulting.ch\/kurse\/e-learnings\/","title":{"rendered":"E-Learnings"},"content":{"rendered":"\n<p>Entsprechend den unterschiedlichen Anforderungen werden Fortbildungen in Form von E-Learnings f\u00fcr verschiedene Berufsgruppen angeboten, so dass jeder f\u00fcr seine individuellen Bed\u00fcrfnisse die Fortbildungen ausw\u00e4hlen kann, die relevant sind. <strong>Jedes Fortbildungsmodul entspricht einer Unterrichtseinheit, d.h. einer Lektion von 45 Minuten Dauer<\/strong>.<\/p>\n\n\n\n<p>Die erworbenen E-Learnings k\u00f6nnen Sie nach dem Kauf umgehend absolvieren. <strong>Wichtig: Diese finden Sie <\/strong>dann bei der E-Learning-Plattform Easylearn.ch <strong>auf der Website <a href=\"http:\/\/strahlenschutz.easylearn.ch\" data-type=\"URL\" data-id=\"strahlenschutz.easylearn.ch\">strahlenschutz.easylearn.ch<\/a><\/strong>, wo zudem schon ein Benutzer-Account f\u00fcr Sie automatisch mitangelegt wurde. <\/p>\n\n\n\n<p>Ihre E-Learnings k\u00f6nnen Sie jederzeit beginnen, wann immer Sie wollen unterbrechen und wieder fortsetzen. Es ist einzig wichtig, sie dann abzuschliessen, wenn der Stichtag erreicht ist. Dies, da Sie erst mit dem erfolgreichen Abschluss automatisch das Zertifikat erhalten, welches Sie als Nachweis ben\u00f6tigen.<\/p>\n\n\n\n<h2 class=\"wp-block-heading\">Bestellvorgang:<\/h2>\n\n\n\n<p><strong>WICHTIG! Bitte lesen Sie diesen Abschnitt aufmerksam bis zum Ende durch<\/strong>.<\/p>\n\n\n\n<p>Mit Abschluss Ihrer Bestellung wird Ihnen ein Kundenkonto auf unserer Seite angelegt. Dies dient Ihnen in Zukunft dazu Ihre bereits get\u00e4tigten Bestellungen zu \u00fcberpr\u00fcfen. Sie erhalten umgehend und noch vor der Weiterleitung auf die Bezahlseite (Partnerseite) eine E-Mail mit den Details zu Ihrem Konto. <strong>WICHTIG! Bitte immer auch den SPAM-Ordner auf eingehende Mails checken &#8211; dies liegt ausserhalb unseres Einflussbereichs.<\/strong><\/p>\n\n\n\n<p>Beispiel siehe hier:<\/p>\n\n\n<div class=\"wp-block-image\">\n<figure class=\"aligncenter size-full\"><img loading=\"lazy\" decoding=\"async\" width=\"621\" height=\"567\" src=\"https:\/\/www.medtechconsulting.ch\/kurse\/wp-content\/uploads\/2022\/01\/image.png\" alt=\"\" class=\"wp-image-429\" srcset=\"https:\/\/www.medtechconsulting.ch\/kurse\/wp-content\/uploads\/2022\/01\/image.png 621w, https:\/\/www.medtechconsulting.ch\/kurse\/wp-content\/uploads\/2022\/01\/image-300x274.png 300w, https:\/\/www.medtechconsulting.ch\/kurse\/wp-content\/uploads\/2022\/01\/image-416x380.png 416w\" sizes=\"auto, (max-width: 621px) 100vw, 621px\" \/><\/figure>\n<\/div>\n\n\n<p>Nach Abschluss Ihrer Zahlung der bestellen Kurse wird Ihnen eine weitere E-Mail mit den <strong>Zugangsdaten f\u00fcr die E-Learnings unter <a href=\"http:\/\/strahlenschutz.easylearn.ch\">strahlenschutz.easylearn.ch<\/a><\/strong>, der Bestell\u00fcbersicht und einer Rechnung im PDF-Format f\u00fcr Ihre Unterlagen zugestellt.<\/p>\n\n\n<div class=\"wp-block-image\">\n<figure class=\"aligncenter size-full\"><img loading=\"lazy\" decoding=\"async\" width=\"618\" height=\"984\" src=\"https:\/\/www.medtechconsulting.ch\/kurse\/wp-content\/uploads\/2022\/01\/image-1.png\" alt=\"\" class=\"wp-image-430\" srcset=\"https:\/\/www.medtechconsulting.ch\/kurse\/wp-content\/uploads\/2022\/01\/image-1.png 618w, https:\/\/www.medtechconsulting.ch\/kurse\/wp-content\/uploads\/2022\/01\/image-1-188x300.png 188w, https:\/\/www.medtechconsulting.ch\/kurse\/wp-content\/uploads\/2022\/01\/image-1-416x662.png 416w\" sizes=\"auto, (max-width: 618px) 100vw, 618px\" \/><\/figure>\n<\/div>\n\n\n<p><strong>Nach fr\u00fchestens 10 Minuten <\/strong>erhalten Sie nun nach erfolgter Bezahlung eine weitere E-Mail vom Partner Easylearn.ch mit der Aufforderung, Ihr initiales Passwort f\u00fcr die Lernplattform zu vergeben. <\/p>\n\n\n<div class=\"wp-block-image\">\n<figure class=\"aligncenter size-large\"><img loading=\"lazy\" decoding=\"async\" width=\"1024\" height=\"188\" src=\"https:\/\/www.medtechconsulting.ch\/kurse\/wp-content\/uploads\/2022\/01\/image-2-1024x188.png\" alt=\"\" class=\"wp-image-431\" srcset=\"https:\/\/www.medtechconsulting.ch\/kurse\/wp-content\/uploads\/2022\/01\/image-2-1024x188.png 1024w, https:\/\/www.medtechconsulting.ch\/kurse\/wp-content\/uploads\/2022\/01\/image-2-300x55.png 300w, https:\/\/www.medtechconsulting.ch\/kurse\/wp-content\/uploads\/2022\/01\/image-2-768x141.png 768w, https:\/\/www.medtechconsulting.ch\/kurse\/wp-content\/uploads\/2022\/01\/image-2-416x77.png 416w, https:\/\/www.medtechconsulting.ch\/kurse\/wp-content\/uploads\/2022\/01\/image-2.png 1076w\" sizes=\"auto, (max-width: 1024px) 100vw, 1024px\" \/><\/figure>\n<\/div>\n\n\n<p>Dass Passwort sollten Sie nach Erhalt dieser E-Mail m\u00f6glichst <strong>umgehend<\/strong> setzen. Sobald Sie das Passwort gesetzt haben, k\u00f6nnen Sie sich f\u00fcr die E-Learnings auf der <strong>Website <a href=\"http:\/\/strahlenschutz.easylearn.ch\" data-type=\"URL\" data-id=\"strahlenschutz.easylearn.ch\">strahlenschutz.easylearn.ch<\/a><\/strong> anmelden mit folgenden Zugangsdaten: <\/p>\n\n\n\n<p><strong>Benutzername: Ihre E-Mailadresse<\/strong><\/p>\n\n\n\n<p><strong>Passwort: dies haben Sie selbst gesetzt<\/strong><\/p>\n\n\n\n<p><\/p>\n\n\n\n<p><\/p>\n\n\n\n<p><strong>Bitte beachten Sie f\u00fcr das Erstellen Ihres Kundenkontos die folgenden Hinweise:<\/strong><\/p>\n\n\n\n<ul class=\"wp-block-list\">\n<li>Vermeiden Sie die Eingabe von Doppelnamen sowie Punkten oder Leerzeichen im Vor- und\/oder Nachnamen, wenn immer m\u00f6glich<\/li>\n\n\n\n<li>Die Zugangsdaten von Easylearn f\u00fcr die Lernplattform erhalten Sie fr\u00fchestens 10 Min. nach erfolgreicher Bezahlung<\/li>\n\n\n\n<li><strong>Sie haben im Anschluss zwei Benutzerkonten: Eines f\u00fcr den Shop auf <a href=\"https:\/\/www.medtechconsulting.ch\/kurse\">www.medtechconsulting.ch\/kurse<\/a> und das zweite Konto f\u00fcr die Lernplattform <a href=\"http:\/\/strahlenschutz.easylearn.ch\">strahlenschutz.easylearn.ch<\/a>. Diese sind unabh\u00e4ngig voneinander und haben unterschiedliche Zugangsdaten. <\/strong><\/li>\n<\/ul>\n\n\n\n<p><\/p>\n","protected":false},"excerpt":{"rendered":"<p>Entsprechend den unterschiedlichen Anforderungen werden Fortbildungen in Form von E-Learnings f\u00fcr verschiedene Berufsgruppen angeboten, so dass jeder f\u00fcr seine individuellen Bed\u00fcrfnisse die Fortbildungen ausw\u00e4hlen kann, die relevant sind. Jedes Fortbildungsmodul entspricht einer Unterrichtseinheit, d.h. einer Lektion von 45 Minuten Dauer. Die erworbenen E-Learnings k\u00f6nnen Sie nach dem Kauf umgehend absolvieren. Wichtig: Diese finden Sie dann [&hellip;]<\/p>\n","protected":false},"author":1,"featured_media":0,"parent":0,"menu_order":0,"comment_status":"closed","ping_status":"closed","template":"","meta":{"footnotes":""},"class_list":["post-160","page","type-page","status-publish","hentry"],"_links":{"self":[{"href":"https:\/\/www.medtechconsulting.ch\/kurse\/wp-json\/wp\/v2\/pages\/160","targetHints":{"allow":["GET"]}}],"collection":[{"href":"https:\/\/www.medtechconsulting.ch\/kurse\/wp-json\/wp\/v2\/pages"}],"about":[{"href":"https:\/\/www.medtechconsulting.ch\/kurse\/wp-json\/wp\/v2\/types\/page"}],"author":[{"embeddable":true,"href":"https:\/\/www.medtechconsulting.ch\/kurse\/wp-json\/wp\/v2\/users\/1"}],"replies":[{"embeddable":true,"href":"https:\/\/www.medtechconsulting.ch\/kurse\/wp-json\/wp\/v2\/comments?post=160"}],"version-history":[{"count":19,"href":"https:\/\/www.medtechconsulting.ch\/kurse\/wp-json\/wp\/v2\/pages\/160\/revisions"}],"predecessor-version":[{"id":850,"href":"https:\/\/www.medtechconsulting.ch\/kurse\/wp-json\/wp\/v2\/pages\/160\/revisions\/850"}],"wp:attachment":[{"href":"https:\/\/www.medtechconsulting.ch\/kurse\/wp-json\/wp\/v2\/media?parent=160"}],"curies":[{"name":"wp","href":"https:\/\/api.w.org\/{rel}","templated":true}]}}