{"id":258,"date":"2021-10-13T14:00:35","date_gmt":"2021-10-13T12:00:35","guid":{"rendered":"https:\/\/www.medtechconsulting.ch\/kurse\/?page_id=258"},"modified":"2022-12-18T20:22:52","modified_gmt":"2022-12-18T19:22:52","slug":"allgemeine-geschaeftsbedingungen","status":"publish","type":"page","link":"https:\/\/www.medtechconsulting.ch\/kurse\/allgemeine-geschaeftsbedingungen\/","title":{"rendered":"Allgemeine Gesch\u00e4ftsbedingungen"},"content":{"rendered":"\n<p><strong>Allgemeine Gesch\u00e4ftsbedingungen Strahlenschutz-Fortbildungen<\/strong><\/p>\n\n\n\n<p><strong>1. Geltungsbereich<\/strong><br>Unter die allgemeinen Gesch\u00e4ftsbedingungen (nachfolgend \u00abAGB\u00bb) fallen alle Rechtsgesch\u00e4fte, die \u00fcber den Webshop <a href=\"https:\/\/www.medtechconsulting.ch\/kurse\/\">https:\/\/www.medtechconsulting.ch\/kurse\/<\/a> (nachfolgend \u00abWebshop Strahlenschutzfortbildungen\u00bb genannt) abgeschlossen werden. Dieser Webshop wird von der MedTech Consulting Cossmann GmbH (nachstehend \u00abMedTech Consulting Cossmann\u00bb genannt), CHE-276.539.806, Baarerstrasse 71. 6300 Zug, gef\u00fchrt. MedTech Consulting Cossmann beh\u00e4lt sich das Recht vor, die vorliegenden AGB jederzeit zu \u00e4ndern. Es ist jeweils die zum Zeitpunkt der Bestellung geltende Version massgebend. <br><br><br><strong>2. Angebot<\/strong><br>Die Produkte und Preise im Webshop gelten als Angebot. Das Angebot gilt, solange das Produkt im Webshop aufgef\u00fchrt ist.<br><br><br><strong>3. Produkte, Preise und Zahlungsweisen<\/strong><br>MedTech Consulting Cossmann kann die Preise frei festlegen und jederzeit \u00e4ndern. Bei der Bestellung ist der auf der Website ver\u00f6ffentlichte Preis massgebend. Die Preise werden standardm\u00e4ssig in der W\u00e4hrung CHF angegeben. Eine Zahlung ist entsprechend nur in CHF m\u00f6glich. Es stehen daf\u00fcr die auf der Seite \u00abKasse\u00bb sowie unter Ziff. 10 aufgelisteten Zahlungsmethoden zur Verf\u00fcgung.<br><br><br><strong>4. Bereitgestellte Informationen<\/strong><br>MedTech Consulting Cossmann bem\u00fcht sich, die ver\u00f6ffentlichten Daten im Webshop aktuell und korrekt zu halten.<br><br><strong>5. Vertragsabschluss<\/strong><br>Der Kaufvertrag kommt durch das Absenden (online) der Bestellung automatisch zustande.<br>Voraussetzung f\u00fcr einen g\u00fcltigen Kaufvertrag ist das vollst\u00e4ndig und wahrheitsgem\u00e4sse Ausf\u00fcllen des im Internet bereitgestellten Bestellformulars und das Akzeptieren der hier vorliegenden Allgemeinen Gesch\u00e4ftsbedingungen (AGB).<br>MedTech Consulting Cossmann best\u00e4tigt den Eingang der Bestellung mit einer automatisch generierten Rechnung per E-Mail. Diese zeigt der Kundin\/dem Kunden an, dass die Bestellung eingetroffen ist und dass der Kaufvertrag zustande gekommen ist.<br><br><br><strong>6. Verf\u00fcgbarkeit und Lieferbedingungen<\/strong><br>Als \u00abverf\u00fcgbar\u00bb markierte Strahlenschutzfortbildungen werden nach dem Kauf mittels automatisch versendeter E-Mail mit einem Aktivierungslink f\u00fcr das entsprechende Strahlenschutzfortbildungs-E-Learning unter strahlenschutz.easylearn.ch geliefert.<\/p>\n\n\n\n<p><br><strong>7. Pr\u00fcfpflicht<\/strong><br>Die freigeschalteten Strahlenschutzfortbildungs-E-Learnings sind durch die K\u00e4uferin\/den K\u00e4ufer sofort nach Aktivierung des E-Learning-Accounts im Easylearn zu pr\u00fcfen. Liegt ein Problem vor, ist dies MedTech Consulting Cossmann innerhalb von 7 Kalendertagen mitzuteilen, damit MedTech Consulting Cossmann dies entsprechend korrigieren kann.<br><br><strong>8. Garantiebedingungen und Leistungen<\/strong><br>MedTech Consulting Cossmann vertreibt Strahlenschutzfortbildungen in Form von E-Learnings auf der externen Plattform strahlenschutz.easylearn.ch (easylearn schweiz ag, B\u00f6sch 71, 6331 H\u00fcnenberg). MedTech Consulting Cossmann hat keinen Einfluss auf den unterbruchfreien Zugriff auf die Easylearn-Plattform. Die erworbenen Strahlenschutzfortbildungs-E-Learnings stehen der Kundin\/dem Kunden f\u00fcr einen Zeitraum von 5 Jahren zur Verf\u00fcgung. Somit stellen allf\u00e4llige, erfahrungsgem\u00e4ss selten notwendige Zugriffsunterbr\u00fcche des Plattformbetreibers Easylearn.ch (z.B. aufgrund regelm\u00e4ssiger Wartung, Updates etc.) keinen Mangel dar und berechtigen daher nicht zu \u2013 auch nicht anteiligen \u2013 R\u00fcckforderungen.<br><br><strong>9. Haftung und Haftungsausschluss<\/strong><br>MedTech Consulting Cossmann haftet nur f\u00fcr die Garantieleistungen, welche unter Ziff. 8 aufgef\u00fchrt sind. Jegliche weitere Haftung ist ausgeschlossen.<br><br><strong>10. Zahlung<\/strong><br>Die bestellten Strahlenschutzfortbildungen sind sofort im Rahmen des Bestellungvorgangs zu begleichen. Im Webshop werden daf\u00fcr folgende Zahlungsmittel akzeptiert: Kreditkarten (Mastercard, Visa), Postfinance sowie Twint.<br><br><strong>11. R\u00fccktritts-\/und Widerrufsrecht<\/strong><br>Ein R\u00fccktritt\/Widerruf vom Kauf ist, da der E-Learning-Account mit Abschluss der Bestellung automatisch kostenpflichtig erstellt wird, nicht m\u00f6glich.<\/p>\n\n\n\n<p><strong>12. Datenschutz<\/strong><br>MedTech Consulting Cossmann erfasst nur personenbezogene Daten, die f\u00fcr den Vertragsabschluss n\u00f6tig sind. Diese werden ohne die gesonderte Zustimmung der K\u00e4uferin\/des K\u00e4ufers nicht weiterverarbeitet.<br>Die Daten werden nur an Drittparteien weitergegeben, wenn dies f\u00fcr die Abwicklung des Auftrags notwendig ist. Dies betrifft die Zahlungsabwicklung \u00fcber das Kreditinstitut. Ausf\u00fchrliche Informationen finden Sie in den <strong>LINK Datenschutz<\/strong>.<br><br><br><strong>13. Rechtsanwendung und Gerichtsstand<\/strong><br>Die Beziehung zwischen MedTech Consulting Cossmann und der Kundin\/dem Kunden untersteht ausschliesslich dem schweizerischen Recht. Gerichtsstand ist die Stadt Zug, Kanton Zug, Schweiz.<br><br><br>Zug, 18. Oktober 2021<\/p>\n\n\n\n<p>MedTech Consulting Cossmann GmbH<\/p>\n","protected":false},"excerpt":{"rendered":"<p>Allgemeine Gesch\u00e4ftsbedingungen Strahlenschutz-Fortbildungen 1. GeltungsbereichUnter die allgemeinen Gesch\u00e4ftsbedingungen (nachfolgend \u00abAGB\u00bb) fallen alle Rechtsgesch\u00e4fte, die \u00fcber den Webshop https:\/\/www.medtechconsulting.ch\/kurse\/ (nachfolgend \u00abWebshop Strahlenschutzfortbildungen\u00bb genannt) abgeschlossen werden. Dieser Webshop wird von der MedTech Consulting Cossmann GmbH (nachstehend \u00abMedTech Consulting Cossmann\u00bb genannt), CHE-276.539.806, Baarerstrasse 71. 6300 Zug, gef\u00fchrt. MedTech Consulting Cossmann beh\u00e4lt sich das Recht vor, die vorliegenden AGB [&hellip;]<\/p>\n","protected":false},"author":1,"featured_media":0,"parent":0,"menu_order":0,"comment_status":"closed","ping_status":"closed","template":"","meta":{"footnotes":""},"class_list":["post-258","page","type-page","status-publish","hentry"],"_links":{"self":[{"href":"https:\/\/www.medtechconsulting.ch\/kurse\/wp-json\/wp\/v2\/pages\/258","targetHints":{"allow":["GET"]}}],"collection":[{"href":"https:\/\/www.medtechconsulting.ch\/kurse\/wp-json\/wp\/v2\/pages"}],"about":[{"href":"https:\/\/www.medtechconsulting.ch\/kurse\/wp-json\/wp\/v2\/types\/page"}],"author":[{"embeddable":true,"href":"https:\/\/www.medtechconsulting.ch\/kurse\/wp-json\/wp\/v2\/users\/1"}],"replies":[{"embeddable":true,"href":"https:\/\/www.medtechconsulting.ch\/kurse\/wp-json\/wp\/v2\/comments?post=258"}],"version-history":[{"count":4,"href":"https:\/\/www.medtechconsulting.ch\/kurse\/wp-json\/wp\/v2\/pages\/258\/revisions"}],"predecessor-version":[{"id":1220,"href":"https:\/\/www.medtechconsulting.ch\/kurse\/wp-json\/wp\/v2\/pages\/258\/revisions\/1220"}],"wp:attachment":[{"href":"https:\/\/www.medtechconsulting.ch\/kurse\/wp-json\/wp\/v2\/media?parent=258"}],"curies":[{"name":"wp","href":"https:\/\/api.w.org\/{rel}","templated":true}]}}