{"id":99,"date":"2021-09-04T08:34:22","date_gmt":"2021-09-04T06:34:22","guid":{"rendered":"https:\/\/www.medtechconsulting.ch\/kurse\/?page_id=99"},"modified":"2022-12-20T13:22:11","modified_gmt":"2022-12-20T12:22:11","slug":"test","status":"publish","type":"page","link":"https:\/\/www.medtechconsulting.ch\/kurse\/","title":{"rendered":"Strahlenschutzfortbildungen &#8211; E-Learnings"},"content":{"rendered":"\n<p>In diesem Webshop k\u00f6nnen Sie gesetzlich geforderte Strahlenschutzfortbildungen in Form von E-Learnings erwerben.  Jedes E-Learning Modul entspricht einer Unterrichtseinheit (UE), d.h. einer Lektion von 45 Minuten. Zus\u00e4tzliche f\u00fcr den Ablauf elementare Informationen zu E-Learnings finden Sie unter \u00ab<a href=\"https:\/\/www.medtechconsulting.ch\/kurse\/e-learnings\/\" data-type=\"page\" data-id=\"160\">E-Learnings<\/a>\u00bb . <\/p>\n\n\n\n<p><strong>WICHTIG<\/strong>: <strong>Bitte lesen Sie die Informationen auf der Seite \u00ab<a href=\"https:\/\/www.medtechconsulting.ch\/kurse\/e-learnings\/\" data-type=\"page\" data-id=\"160\">E-Learnings<\/a>\u00bb zwingend vor der Bestellung unbedingt vollst\u00e4ndig durch, denn der Webshop und die E-Learning-Plattform sind v\u00f6llig getrennte Websites mit entsprechend unterschiedlichen Zugangsdaten<\/strong>!<\/p>\n\n\n\n<p><strong>Die E-Learnings k\u00f6nnen nicht auf Smartphones durchgef\u00fchrt werden<\/strong>.<\/p>\n\n\n\n<p>Hintergrundinformationen zur den gesetzlich geforderten Strahlenschutzfortbildungen erhalten Sie unter \u00ab<a href=\"https:\/\/www.medtechconsulting.ch\/kurse\/fortbildungspflicht-strahlenschutz\/\" data-type=\"page\" data-id=\"123\">Fortbildungspflicht Strahlenschutz<\/a>\u00bb. <\/p>\n\n\n\n<p>Viel Spass und Erfolg bei Ihren Fortbildungen!<\/p>\n\n\n\n<h2 class=\"wp-block-heading\">Grundlagenmodule zum Strahlenschutz f\u00fcr \u00c4rzte, Zahn\u00e4rzte, Chiropraktoren als reine Zuweiser sowie alle Bewilligungsinhaber als Durchf\u00fchrende und Zuweiser<\/h2>\n\n\n<div class=\"wc-block-grid wp-block-product-category wc-block-product-category has-4-columns has-multiple-rows\"><ul class=\"wc-block-grid__products\"><li class=\"wc-block-grid__product\">\n\t\t\t\t<a href=\"https:\/\/www.medtechconsulting.ch\/kurse\/produkt\/modul-grundsaetzliches-und-gesetzliche-grundlagen\/\" class=\"wc-block-grid__product-link\">\n\t\t\t\t\t<div class=\"wc-block-grid__product-image\"><img loading=\"lazy\" decoding=\"async\" src=\"https:\/\/www.medtechconsulting.ch\/kurse\/wp-content\/uploads\/2021\/09\/Icon-Webshop.jpg\" width=\"324\" height=\"324\" class=\"woocommerce-placeholder wp-post-image\" alt=\"Placeholder\"\/><\/div>\n\t\t\t\t\t<div class=\"wc-block-grid__product-title\">Modul 1: Grundlagen des Strahlenschutzes und gesetzliche Grundlagen<\/div>\n\t\t\t\t<\/a>\n\t\t\t\t\n\t\t\t\t<div class=\"wc-block-grid__product-price price\"><span class=\"woocommerce-Price-amount amount\"><span class=\"woocommerce-Price-currencySymbol\">&#067;&#072;&#070;<\/span>&nbsp;39.90<\/span><\/div>\n\t\t\t\t\n\t\t\t\t<div class=\"wp-block-button wc-block-grid__product-add-to-cart\"><a href=\"?add-to-cart=83\" aria-label=\"Add &ldquo;Modul 1: Grundlagen des Strahlenschutzes und gesetzliche Grundlagen&rdquo; to your cart\" data-quantity=\"1\" data-product_id=\"83\" data-product_sku=\"\" rel=\"nofollow\" class=\"wp-block-button__link add_to_cart_button ajax_add_to_cart\">Add to cart<\/a><\/div>\n\t\t\t<\/li><li class=\"wc-block-grid__product\">\n\t\t\t\t<a href=\"https:\/\/www.medtechconsulting.ch\/kurse\/produkt\/test-nr-5\/\" class=\"wc-block-grid__product-link\">\n\t\t\t\t\t<div class=\"wc-block-grid__product-image\"><img loading=\"lazy\" decoding=\"async\" src=\"https:\/\/www.medtechconsulting.ch\/kurse\/wp-content\/uploads\/2021\/09\/Icon-Webshop.jpg\" width=\"324\" height=\"324\" class=\"woocommerce-placeholder wp-post-image\" alt=\"Placeholder\"\/><\/div>\n\t\t\t\t\t<div class=\"wc-block-grid__product-title\">Modul 2: Strahlenbelastungen in der Schweiz, Strahlenbiologie und Risiko<\/div>\n\t\t\t\t<\/a>\n\t\t\t\t\n\t\t\t\t<div class=\"wc-block-grid__product-price price\"><span class=\"woocommerce-Price-amount amount\"><span class=\"woocommerce-Price-currencySymbol\">&#067;&#072;&#070;<\/span>&nbsp;39.90<\/span><\/div>\n\t\t\t\t\n\t\t\t\t<div class=\"wp-block-button wc-block-grid__product-add-to-cart\"><a href=\"?add-to-cart=111\" aria-label=\"Add &ldquo;Modul 2: Strahlenbelastungen in der Schweiz, Strahlenbiologie und Risiko&rdquo; to your cart\" data-quantity=\"1\" data-product_id=\"111\" data-product_sku=\"\" rel=\"nofollow\" class=\"wp-block-button__link add_to_cart_button ajax_add_to_cart\">Add to cart<\/a><\/div>\n\t\t\t<\/li><li class=\"wc-block-grid__product\">\n\t\t\t\t<a href=\"https:\/\/www.medtechconsulting.ch\/kurse\/produkt\/vier-produkte-in-einer-reihe\/\" class=\"wc-block-grid__product-link\">\n\t\t\t\t\t<div class=\"wc-block-grid__product-image\"><img loading=\"lazy\" decoding=\"async\" src=\"https:\/\/www.medtechconsulting.ch\/kurse\/wp-content\/uploads\/2021\/09\/Icon-Webshop.jpg\" width=\"324\" height=\"324\" class=\"woocommerce-placeholder wp-post-image\" alt=\"Placeholder\"\/><\/div>\n\t\t\t\t\t<div class=\"wc-block-grid__product-title\">Modul 3: Radiologische und Nuklearmedizinische Untersuchungsverfahren<\/div>\n\t\t\t\t<\/a>\n\t\t\t\t\n\t\t\t\t<div class=\"wc-block-grid__product-price price\"><span class=\"woocommerce-Price-amount amount\"><span class=\"woocommerce-Price-currencySymbol\">&#067;&#072;&#070;<\/span>&nbsp;39.90<\/span><\/div>\n\t\t\t\t\n\t\t\t\t<div class=\"wp-block-button wc-block-grid__product-add-to-cart\"><a href=\"?add-to-cart=114\" aria-label=\"Add &ldquo;Modul 3: Radiologische und Nuklearmedizinische Untersuchungsverfahren&rdquo; to your cart\" data-quantity=\"1\" data-product_id=\"114\" data-product_sku=\"\" rel=\"nofollow\" class=\"wp-block-button__link add_to_cart_button ajax_add_to_cart\">Add to cart<\/a><\/div>\n\t\t\t<\/li><li class=\"wc-block-grid__product\">\n\t\t\t\t<a href=\"https:\/\/www.medtechconsulting.ch\/kurse\/produkt\/modul-good-clinical-practice\/\" class=\"wc-block-grid__product-link\">\n\t\t\t\t\t<div class=\"wc-block-grid__product-image\"><img loading=\"lazy\" decoding=\"async\" src=\"https:\/\/www.medtechconsulting.ch\/kurse\/wp-content\/uploads\/2021\/09\/Icon-Webshop.jpg\" width=\"324\" height=\"324\" class=\"woocommerce-placeholder wp-post-image\" alt=\"Placeholder\"\/><\/div>\n\t\t\t\t\t<div class=\"wc-block-grid__product-title\">Modul 4: Good Medical Practice<\/div>\n\t\t\t\t<\/a>\n\t\t\t\t\n\t\t\t\t<div class=\"wc-block-grid__product-price price\"><span class=\"woocommerce-Price-amount amount\"><span class=\"woocommerce-Price-currencySymbol\">&#067;&#072;&#070;<\/span>&nbsp;39.90<\/span><\/div>\n\t\t\t\t\n\t\t\t\t<div class=\"wp-block-button wc-block-grid__product-add-to-cart\"><a href=\"?add-to-cart=81\" aria-label=\"Add &ldquo;Modul 4: Good Medical Practice&rdquo; to your cart\" data-quantity=\"1\" data-product_id=\"81\" data-product_sku=\"\" rel=\"nofollow\" class=\"wp-block-button__link add_to_cart_button ajax_add_to_cart\">Add to cart<\/a><\/div>\n\t\t\t<\/li><\/ul><\/div>\n\n\n<h2 class=\"wp-block-heading\">Vertiefungsmodule zum Strahlenschutz f\u00fcr \u00c4rzte, Zahn\u00e4rzte, Chiropraktoren als Bewilligungsinhaber und Durchf\u00fchrende sowie f\u00fcr MPA, Dentalhygieniker und Dentalassistenten als Ausf\u00fchrende<\/h2>\n\n\n<div class=\"wc-block-grid wp-block-product-category wc-block-product-category has-4-columns has-multiple-rows\"><ul class=\"wc-block-grid__products\"><li class=\"wc-block-grid__product\">\n\t\t\t\t<a href=\"https:\/\/www.medtechconsulting.ch\/kurse\/produkt\/test-nr-4\/\" class=\"wc-block-grid__product-link\">\n\t\t\t\t\t<div class=\"wc-block-grid__product-image\"><img loading=\"lazy\" decoding=\"async\" src=\"https:\/\/www.medtechconsulting.ch\/kurse\/wp-content\/uploads\/2021\/09\/Icon-Webshop.jpg\" width=\"324\" height=\"324\" class=\"woocommerce-placeholder wp-post-image\" alt=\"Placeholder\"\/><\/div>\n\t\t\t\t\t<div class=\"wc-block-grid__product-title\">Modul 5: Gesetzliche Grundlagen f\u00fcr Bewilligungsinhaber und Sachverst\u00e4ndige<\/div>\n\t\t\t\t<\/a>\n\t\t\t\t\n\t\t\t\t<div class=\"wc-block-grid__product-price price\"><span class=\"woocommerce-Price-amount amount\"><span class=\"woocommerce-Price-currencySymbol\">&#067;&#072;&#070;<\/span>&nbsp;39.90<\/span><\/div>\n\t\t\t\t\n\t\t\t\t<div class=\"wp-block-button wc-block-grid__product-add-to-cart\"><a href=\"?add-to-cart=98\" aria-label=\"Add &ldquo;Modul 5: Gesetzliche Grundlagen f\u00fcr Bewilligungsinhaber und Sachverst\u00e4ndige&rdquo; to your cart\" data-quantity=\"1\" data-product_id=\"98\" data-product_sku=\"\" rel=\"nofollow\" class=\"wp-block-button__link add_to_cart_button ajax_add_to_cart\">Add to cart<\/a><\/div>\n\t\t\t<\/li><li class=\"wc-block-grid__product\">\n\t\t\t\t<a href=\"https:\/\/www.medtechconsulting.ch\/kurse\/produkt\/grundlagen-der-roentgenbildgebung-und-des-praktischen-strahlenschutzes\/\" class=\"wc-block-grid__product-link\">\n\t\t\t\t\t<div class=\"wc-block-grid__product-image\"><img loading=\"lazy\" decoding=\"async\" src=\"https:\/\/www.medtechconsulting.ch\/kurse\/wp-content\/uploads\/2021\/09\/Icon-Webshop.jpg\" width=\"324\" height=\"324\" class=\"woocommerce-placeholder wp-post-image\" alt=\"Placeholder\"\/><\/div>\n\t\t\t\t\t<div class=\"wc-block-grid__product-title\">Modul 6: Grundlagen der R\u00f6ntgenbildgebung und des praktischen Strahlenschutzes<\/div>\n\t\t\t\t<\/a>\n\t\t\t\t\n\t\t\t\t<div class=\"wc-block-grid__product-price price\"><span class=\"woocommerce-Price-amount amount\"><span class=\"woocommerce-Price-currencySymbol\">&#067;&#072;&#070;<\/span>&nbsp;39.90<\/span><\/div>\n\t\t\t\t\n\t\t\t\t<div class=\"wp-block-button wc-block-grid__product-add-to-cart\"><a href=\"?add-to-cart=171\" aria-label=\"Add &ldquo;Modul 6: Grundlagen der R\u00f6ntgenbildgebung und des praktischen Strahlenschutzes&rdquo; to your cart\" data-quantity=\"1\" data-product_id=\"171\" data-product_sku=\"\" rel=\"nofollow\" class=\"wp-block-button__link add_to_cart_button ajax_add_to_cart\">Add to cart<\/a><\/div>\n\t\t\t<\/li><li class=\"wc-block-grid__product\">\n\t\t\t\t<a href=\"https:\/\/www.medtechconsulting.ch\/kurse\/produkt\/optimierungsmoeglichkeiten-beim-roentgen\/\" class=\"wc-block-grid__product-link\">\n\t\t\t\t\t<div class=\"wc-block-grid__product-image\"><img loading=\"lazy\" decoding=\"async\" src=\"https:\/\/www.medtechconsulting.ch\/kurse\/wp-content\/uploads\/2021\/09\/Icon-Webshop.jpg\" width=\"324\" height=\"324\" class=\"woocommerce-placeholder wp-post-image\" alt=\"Placeholder\"\/><\/div>\n\t\t\t\t\t<div class=\"wc-block-grid__product-title\">Modul 7: Optimierungsm\u00f6glichkeiten beim R\u00f6ntgen<\/div>\n\t\t\t\t<\/a>\n\t\t\t\t\n\t\t\t\t<div class=\"wc-block-grid__product-price price\"><span class=\"woocommerce-Price-amount amount\"><span class=\"woocommerce-Price-currencySymbol\">&#067;&#072;&#070;<\/span>&nbsp;39.90<\/span><\/div>\n\t\t\t\t\n\t\t\t\t<div class=\"wp-block-button wc-block-grid__product-add-to-cart\"><a href=\"?add-to-cart=172\" aria-label=\"Add &ldquo;Modul 7: Optimierungsm\u00f6glichkeiten beim R\u00f6ntgen&rdquo; to your cart\" data-quantity=\"1\" data-product_id=\"172\" data-product_sku=\"\" rel=\"nofollow\" class=\"wp-block-button__link add_to_cart_button ajax_add_to_cart\">Add to cart<\/a><\/div>\n\t\t\t<\/li><li class=\"wc-block-grid__product\">\n\t\t\t\t<a href=\"https:\/\/www.medtechconsulting.ch\/kurse\/produkt\/strahlenempfindlichkeit-bei-kindern-jugendlichen-und-erwachsenen\/\" class=\"wc-block-grid__product-link\">\n\t\t\t\t\t<div class=\"wc-block-grid__product-image\"><img loading=\"lazy\" decoding=\"async\" src=\"https:\/\/www.medtechconsulting.ch\/kurse\/wp-content\/uploads\/2021\/09\/Icon-Webshop.jpg\" width=\"324\" height=\"324\" class=\"woocommerce-placeholder wp-post-image\" alt=\"Placeholder\"\/><\/div>\n\t\t\t\t\t<div class=\"wc-block-grid__product-title\">Modul 8: Strahlenempfindlichkeit und R\u00f6ntgen bei Kindern und Jugendlichen<\/div>\n\t\t\t\t<\/a>\n\t\t\t\t\n\t\t\t\t<div class=\"wc-block-grid__product-price price\"><span class=\"woocommerce-Price-amount amount\"><span class=\"woocommerce-Price-currencySymbol\">&#067;&#072;&#070;<\/span>&nbsp;39.90<\/span><\/div>\n\t\t\t\t\n\t\t\t\t<div class=\"wp-block-button wc-block-grid__product-add-to-cart\"><a href=\"?add-to-cart=173\" aria-label=\"Add &ldquo;Modul 8: Strahlenempfindlichkeit und R\u00f6ntgen bei Kindern und Jugendlichen&rdquo; to your cart\" data-quantity=\"1\" data-product_id=\"173\" data-product_sku=\"\" rel=\"nofollow\" class=\"wp-block-button__link add_to_cart_button ajax_add_to_cart\">Add to cart<\/a><\/div>\n\t\t\t<\/li><\/ul><\/div>\n\n\n<h2 class=\"wp-block-heading\">Erg\u00e4nzungsmodule zum Strahlenschutz f\u00fcr verschiedene Berufsgruppen (im Aufbau)<\/h2>\n\n\n<div class=\"wc-block-grid wp-block-product-category wc-block-product-category has-4-columns has-multiple-rows\"><ul class=\"wc-block-grid__products\"><li class=\"wc-block-grid__product\">\n\t\t\t\t<a href=\"https:\/\/www.medtechconsulting.ch\/kurse\/produkt\/modul-9-risiken-durch-strahlenexposition-im-aufbau\/\" class=\"wc-block-grid__product-link\">\n\t\t\t\t\t<div class=\"wc-block-grid__product-image\"><img loading=\"lazy\" decoding=\"async\" src=\"https:\/\/www.medtechconsulting.ch\/kurse\/wp-content\/uploads\/2021\/09\/Icon-Webshop.jpg\" width=\"324\" height=\"324\" class=\"woocommerce-placeholder wp-post-image\" alt=\"Placeholder\"\/><\/div>\n\t\t\t\t\t<div class=\"wc-block-grid__product-title\">Modul 9: Risiken durch Strahlenexposition (im Aufbau)<\/div>\n\t\t\t\t<\/a>\n\t\t\t\t\n\t\t\t\t<div class=\"wc-block-grid__product-price price\"><\/div>\n\t\t\t\t\n\t\t\t\t<div class=\"wp-block-button wc-block-grid__product-add-to-cart\"><a href=\"https:\/\/www.medtechconsulting.ch\/kurse\/produkt\/modul-9-risiken-durch-strahlenexposition-im-aufbau\/\" aria-label=\"Read more about &ldquo;Modul 9: Risiken durch Strahlenexposition (im Aufbau)&rdquo;\" data-quantity=\"1\" data-product_id=\"292\" data-product_sku=\"\" rel=\"nofollow\" class=\"wp-block-button__link add_to_cart_button\">Read more<\/a><\/div>\n\t\t\t<\/li><li class=\"wc-block-grid__product\">\n\t\t\t\t<a href=\"https:\/\/www.medtechconsulting.ch\/kurse\/produkt\/modul-10-sv-aufgaben-betriebsinterne-weisungen-med-strahlenereignis-im-aufbau\/\" class=\"wc-block-grid__product-link\">\n\t\t\t\t\t<div class=\"wc-block-grid__product-image\"><img loading=\"lazy\" decoding=\"async\" src=\"https:\/\/www.medtechconsulting.ch\/kurse\/wp-content\/uploads\/2021\/09\/Icon-Webshop.jpg\" width=\"324\" height=\"324\" class=\"woocommerce-placeholder wp-post-image\" alt=\"Placeholder\"\/><\/div>\n\t\t\t\t\t<div class=\"wc-block-grid__product-title\">Modul 10: SV-Aufgaben, betriebsinterne Weisungen, Med. Strahlenereignis (im Aufbau)<\/div>\n\t\t\t\t<\/a>\n\t\t\t\t\n\t\t\t\t<div class=\"wc-block-grid__product-price price\"><\/div>\n\t\t\t\t\n\t\t\t\t<div class=\"wp-block-button wc-block-grid__product-add-to-cart\"><a href=\"https:\/\/www.medtechconsulting.ch\/kurse\/produkt\/modul-10-sv-aufgaben-betriebsinterne-weisungen-med-strahlenereignis-im-aufbau\/\" aria-label=\"Read more about &ldquo;Modul 10: SV-Aufgaben, betriebsinterne Weisungen, Med. Strahlenereignis (im Aufbau)&rdquo;\" data-quantity=\"1\" data-product_id=\"294\" data-product_sku=\"\" rel=\"nofollow\" class=\"wp-block-button__link add_to_cart_button\">Read more<\/a><\/div>\n\t\t\t<\/li><li class=\"wc-block-grid__product\">\n\t\t\t\t<a href=\"https:\/\/www.medtechconsulting.ch\/kurse\/produkt\/modul-11-strahlenschutz-dentalroentgen-inkl-dvt\/\" class=\"wc-block-grid__product-link\">\n\t\t\t\t\t<div class=\"wc-block-grid__product-image\"><img loading=\"lazy\" decoding=\"async\" src=\"https:\/\/www.medtechconsulting.ch\/kurse\/wp-content\/uploads\/2021\/09\/Icon-Webshop.jpg\" width=\"324\" height=\"324\" class=\"woocommerce-placeholder wp-post-image\" alt=\"Placeholder\"\/><\/div>\n\t\t\t\t\t<div class=\"wc-block-grid__product-title\">Modul 11: Strahlenschutz Dentalr\u00f6ntgen inkl. DVT (im Aufbau)<\/div>\n\t\t\t\t<\/a>\n\t\t\t\t\n\t\t\t\t<div class=\"wc-block-grid__product-price price\"><\/div>\n\t\t\t\t\n\t\t\t\t<div class=\"wp-block-button wc-block-grid__product-add-to-cart\"><a href=\"https:\/\/www.medtechconsulting.ch\/kurse\/produkt\/modul-11-strahlenschutz-dentalroentgen-inkl-dvt\/\" aria-label=\"Read more about &ldquo;Modul 11: Strahlenschutz Dentalr\u00f6ntgen inkl. DVT (im Aufbau)&rdquo;\" data-quantity=\"1\" data-product_id=\"295\" data-product_sku=\"\" rel=\"nofollow\" class=\"wp-block-button__link add_to_cart_button\">Read more<\/a><\/div>\n\t\t\t<\/li><li class=\"wc-block-grid__product\">\n\t\t\t\t<a href=\"https:\/\/www.medtechconsulting.ch\/kurse\/produkt\/modul-12-gesetzliche-grundlagen-fuer-mpas-dentalhygieniker-und-assistenten\/\" class=\"wc-block-grid__product-link\">\n\t\t\t\t\t<div class=\"wc-block-grid__product-image\"><img loading=\"lazy\" decoding=\"async\" src=\"https:\/\/www.medtechconsulting.ch\/kurse\/wp-content\/uploads\/2021\/09\/Icon-Webshop.jpg\" width=\"324\" height=\"324\" class=\"woocommerce-placeholder wp-post-image\" alt=\"Placeholder\"\/><\/div>\n\t\t\t\t\t<div class=\"wc-block-grid__product-title\">Modul 12: Gesetzliche Grundlagen f\u00fcr MPA\u2019s, Dentalhygieniker und -assistenten (im Aufbau)<\/div>\n\t\t\t\t<\/a>\n\t\t\t\t\n\t\t\t\t<div class=\"wc-block-grid__product-price price\"><\/div>\n\t\t\t\t\n\t\t\t\t<div class=\"wp-block-button wc-block-grid__product-add-to-cart\"><a href=\"https:\/\/www.medtechconsulting.ch\/kurse\/produkt\/modul-12-gesetzliche-grundlagen-fuer-mpas-dentalhygieniker-und-assistenten\/\" aria-label=\"Read more about &ldquo;Modul 12: Gesetzliche Grundlagen f\u00fcr MPA\u2019s, Dentalhygieniker und -assistenten (im Aufbau)&rdquo;\" data-quantity=\"1\" data-product_id=\"296\" data-product_sku=\"\" rel=\"nofollow\" class=\"wp-block-button__link add_to_cart_button\">Read more<\/a><\/div>\n\t\t\t<\/li><\/ul><\/div>\n\n\n<div class=\"wp-block-columns is-layout-flex wp-container-core-columns-is-layout-9d6595d7 wp-block-columns-is-layout-flex\">\n<div class=\"wp-block-column is-layout-flow wp-block-column-is-layout-flow\">\n<h2 class=\"has-text-align-left wp-block-heading\">Spezialmodule zum Strahlenschutz f\u00fcr operativ t\u00e4tige \u00c4rztinnen und \u00c4rzte (im Aufbau)<\/h2>\n\n\n<div class=\"wc-block-grid wp-block-product-category wc-block-product-category has-4-columns has-multiple-rows\"><ul class=\"wc-block-grid__products\"><li class=\"wc-block-grid__product\">\n\t\t\t\t<a href=\"https:\/\/www.medtechconsulting.ch\/kurse\/produkt\/modul-13-strahlenschutz-im-operationssaal-im-aufbau\/\" class=\"wc-block-grid__product-link\">\n\t\t\t\t\t<div class=\"wc-block-grid__product-image\"><img loading=\"lazy\" decoding=\"async\" src=\"https:\/\/www.medtechconsulting.ch\/kurse\/wp-content\/uploads\/2021\/09\/Icon-Webshop.jpg\" width=\"324\" height=\"324\" class=\"woocommerce-placeholder wp-post-image\" alt=\"Placeholder\"\/><\/div>\n\t\t\t\t\t<div class=\"wc-block-grid__product-title\">Modul 13: Strahlenschutz im Operationssaal (im Aufbau)<\/div>\n\t\t\t\t<\/a>\n\t\t\t\t\n\t\t\t\t<div class=\"wc-block-grid__product-price price\"><\/div>\n\t\t\t\t\n\t\t\t\t<div class=\"wp-block-button wc-block-grid__product-add-to-cart\"><a href=\"https:\/\/www.medtechconsulting.ch\/kurse\/produkt\/modul-13-strahlenschutz-im-operationssaal-im-aufbau\/\" aria-label=\"Read more about &ldquo;Modul 13: Strahlenschutz im Operationssaal (im Aufbau)&rdquo;\" data-quantity=\"1\" data-product_id=\"442\" data-product_sku=\"\" rel=\"nofollow\" class=\"wp-block-button__link add_to_cart_button\">Read more<\/a><\/div>\n\t\t\t<\/li><li class=\"wc-block-grid__product\">\n\t\t\t\t<a href=\"https:\/\/www.medtechconsulting.ch\/kurse\/produkt\/modul-14-optimierungsmoeglichkeiten-im-operationssaal-im-aufbau\/\" class=\"wc-block-grid__product-link\">\n\t\t\t\t\t<div class=\"wc-block-grid__product-image\"><img loading=\"lazy\" decoding=\"async\" src=\"https:\/\/www.medtechconsulting.ch\/kurse\/wp-content\/uploads\/2021\/09\/Icon-Webshop.jpg\" width=\"324\" height=\"324\" class=\"woocommerce-placeholder wp-post-image\" alt=\"Placeholder\"\/><\/div>\n\t\t\t\t\t<div class=\"wc-block-grid__product-title\">Modul 14: Optimierungsm\u00f6g-lichkeiten im Operationssaal (im Aufbau)<\/div>\n\t\t\t\t<\/a>\n\t\t\t\t\n\t\t\t\t<div class=\"wc-block-grid__product-price price\"><\/div>\n\t\t\t\t\n\t\t\t\t<div class=\"wp-block-button wc-block-grid__product-add-to-cart\"><a href=\"https:\/\/www.medtechconsulting.ch\/kurse\/produkt\/modul-14-optimierungsmoeglichkeiten-im-operationssaal-im-aufbau\/\" aria-label=\"Read more about &ldquo;Modul 14: Optimierungsm\u00f6g-lichkeiten im Operationssaal (im Aufbau)&rdquo;\" data-quantity=\"1\" data-product_id=\"443\" data-product_sku=\"\" rel=\"nofollow\" class=\"wp-block-button__link add_to_cart_button\">Read more<\/a><\/div>\n\t\t\t<\/li><li class=\"wc-block-grid__product\">\n\t\t\t\t<a href=\"https:\/\/www.medtechconsulting.ch\/kurse\/produkt\/modul-15-einflussgroessen-auf-die-dosis-bei-verwendung-von-bvs-im-aufbau\/\" class=\"wc-block-grid__product-link\">\n\t\t\t\t\t<div class=\"wc-block-grid__product-image\"><img loading=\"lazy\" decoding=\"async\" src=\"https:\/\/www.medtechconsulting.ch\/kurse\/wp-content\/uploads\/2021\/09\/Icon-Webshop.jpg\" width=\"324\" height=\"324\" class=\"woocommerce-placeholder wp-post-image\" alt=\"Placeholder\"\/><\/div>\n\t\t\t\t\t<div class=\"wc-block-grid__product-title\">Modul 15: Einflussgr\u00f6ssen auf die Dosis bei Verwendung von BVs (im Aufbau)<\/div>\n\t\t\t\t<\/a>\n\t\t\t\t\n\t\t\t\t<div class=\"wc-block-grid__product-price price\"><\/div>\n\t\t\t\t\n\t\t\t\t<div class=\"wp-block-button wc-block-grid__product-add-to-cart\"><a href=\"https:\/\/www.medtechconsulting.ch\/kurse\/produkt\/modul-15-einflussgroessen-auf-die-dosis-bei-verwendung-von-bvs-im-aufbau\/\" aria-label=\"Read more about &ldquo;Modul 15: Einflussgr\u00f6ssen auf die Dosis bei Verwendung von BVs (im Aufbau)&rdquo;\" data-quantity=\"1\" data-product_id=\"444\" data-product_sku=\"\" rel=\"nofollow\" class=\"wp-block-button__link add_to_cart_button\">Read more<\/a><\/div>\n\t\t\t<\/li><li class=\"wc-block-grid__product\">\n\t\t\t\t<a href=\"https:\/\/www.medtechconsulting.ch\/kurse\/produkt\/modul-16-strahlenschutz-im-op-in-der-praxis-video-fortbildung-im-aufbau\/\" class=\"wc-block-grid__product-link\">\n\t\t\t\t\t<div class=\"wc-block-grid__product-image\"><img loading=\"lazy\" decoding=\"async\" src=\"https:\/\/www.medtechconsulting.ch\/kurse\/wp-content\/uploads\/2021\/09\/Icon-Webshop.jpg\" width=\"324\" height=\"324\" class=\"woocommerce-placeholder wp-post-image\" alt=\"Placeholder\"\/><\/div>\n\t\t\t\t\t<div class=\"wc-block-grid__product-title\">Modul 16: Strahlenschutz im OP in der Praxis &#8211; Video-Fortbildung (im Aufbau)<\/div>\n\t\t\t\t<\/a>\n\t\t\t\t\n\t\t\t\t<div class=\"wc-block-grid__product-price price\"><\/div>\n\t\t\t\t\n\t\t\t\t<div class=\"wp-block-button wc-block-grid__product-add-to-cart\"><a href=\"https:\/\/www.medtechconsulting.ch\/kurse\/produkt\/modul-16-strahlenschutz-im-op-in-der-praxis-video-fortbildung-im-aufbau\/\" aria-label=\"Read more about &ldquo;Modul 16: Strahlenschutz im OP in der Praxis - Video-Fortbildung (im Aufbau)&rdquo;\" data-quantity=\"1\" data-product_id=\"445\" data-product_sku=\"\" rel=\"nofollow\" class=\"wp-block-button__link add_to_cart_button\">Read more<\/a><\/div>\n\t\t\t<\/li><\/ul><\/div>\n\n\n<p><\/p>\n<\/div>\n<\/div>\n","protected":false},"excerpt":{"rendered":"<p>In diesem Webshop k\u00f6nnen Sie gesetzlich geforderte Strahlenschutzfortbildungen in Form von E-Learnings erwerben. Jedes E-Learning Modul entspricht einer Unterrichtseinheit (UE), d.h. einer Lektion von 45 Minuten. Zus\u00e4tzliche f\u00fcr den Ablauf elementare Informationen zu E-Learnings finden Sie unter \u00abE-Learnings\u00bb . WICHTIG: Bitte lesen Sie die Informationen auf der Seite \u00abE-Learnings\u00bb zwingend vor der Bestellung unbedingt vollst\u00e4ndig [&hellip;]<\/p>\n","protected":false},"author":1,"featured_media":0,"parent":0,"menu_order":0,"comment_status":"closed","ping_status":"closed","template":"","meta":{"footnotes":""},"class_list":["post-99","page","type-page","status-publish","hentry"],"_links":{"self":[{"href":"https:\/\/www.medtechconsulting.ch\/kurse\/wp-json\/wp\/v2\/pages\/99","targetHints":{"allow":["GET"]}}],"collection":[{"href":"https:\/\/www.medtechconsulting.ch\/kurse\/wp-json\/wp\/v2\/pages"}],"about":[{"href":"https:\/\/www.medtechconsulting.ch\/kurse\/wp-json\/wp\/v2\/types\/page"}],"author":[{"embeddable":true,"href":"https:\/\/www.medtechconsulting.ch\/kurse\/wp-json\/wp\/v2\/users\/1"}],"replies":[{"embeddable":true,"href":"https:\/\/www.medtechconsulting.ch\/kurse\/wp-json\/wp\/v2\/comments?post=99"}],"version-history":[{"count":40,"href":"https:\/\/www.medtechconsulting.ch\/kurse\/wp-json\/wp\/v2\/pages\/99\/revisions"}],"predecessor-version":[{"id":1231,"href":"https:\/\/www.medtechconsulting.ch\/kurse\/wp-json\/wp\/v2\/pages\/99\/revisions\/1231"}],"wp:attachment":[{"href":"https:\/\/www.medtechconsulting.ch\/kurse\/wp-json\/wp\/v2\/media?parent=99"}],"curies":[{"name":"wp","href":"https:\/\/api.w.org\/{rel}","templated":true}]}}